{"id":16,"date":"2024-07-10T09:24:49","date_gmt":"2024-07-10T07:24:49","guid":{"rendered":"http:\/\/claireolland.immo\/?page_id=16"},"modified":"2026-04-30T14:00:03","modified_gmt":"2026-04-30T12:00:03","slug":"vente","status":"publish","type":"page","link":"http:\/\/claireolland.immo\/index.php\/vente\/","title":{"rendered":"Vente"},"content":{"rendered":"\n<p class=\"has-small-font-size\"><strong>Nous avons une activit\u00e9 de transaction.<\/strong><\/p>\n\n\n\n<p class=\"has-small-font-size\"><strong>Nos tarifs :<\/strong><\/p>\n\n\n\n<p class=\"has-small-font-size\"><strong>Pourcentage appliqu\u00e9 sur le montant de la transaction pour les logements<\/strong> (Sauf convention expresse diff\u00e9rente entre les partis)<\/p>\n\n\n\n<figure class=\"wp-block-table\"><table><tbody><tr><td><strong>Montant de la transaction:<\/strong><\/td><td>HT<\/td><td>TTC*<\/td><\/tr><tr><td><strong>Inf\u00e9rieur \u00e0 75000\u20ac forfait<\/strong><\/td><td>4167<\/td><td>5000\u20ac<\/td><\/tr><tr><td><strong>de 75 001 \u20ac \u00e0&nbsp;250 000 \u20ac<\/strong><\/td><td>4.17%<\/td><td>5%<\/td><\/tr><tr><td><strong>de 250 001 \u20ac \u00e0 500 000 \u20ac<\/strong><\/td><td>3.33%<\/td><td>4%<\/td><\/tr><tr><td><strong>sup\u00e9rieur \u00e0 500 001 \u20ac<\/strong><\/td><td>2.5%<\/td><td>3%<\/td><\/tr><\/tbody><\/table><\/figure>\n\n\n\n<p>Nous vous remercions de votre confiance tous les biens que vous nous avez confi\u00e9 sont vendus ! <\/p>\n\n\n\nhttp:\/\/claireolland.immo\/index.php\/2022\/04\/27\/bientot-logement-de-f1-et-f2-sur-metz\/\n\n\n\n<pre class=\"wp-block-code\"><code><\/code><\/pre>\n\n\n\n<blockquote class=\"wp-embedded-content\" data-secret=\"DX7UoiK7md\"><a href=\"http:\/\/claireolland.immo\/index.php\/2026\/02\/06\/a-vendre-f4-metz-240-000e\/\">A VENDRE F4 METZ 240 000\u20ac<\/a><\/blockquote><iframe loading=\"lazy\" class=\"wp-embedded-content\" sandbox=\"allow-scripts\" security=\"restricted\" style=\"position: absolute; visibility: hidden;\" title=\"\u00ab\u00a0A VENDRE F4 METZ 240 000\u20ac\u00a0\u00bb &#8212; IMMOBILIERE CLAIRE OLLAND\" src=\"http:\/\/claireolland.immo\/index.php\/2026\/02\/06\/a-vendre-f4-metz-240-000e\/embed\/#?secret=JdLl91yhf7#?secret=DX7UoiK7md\" data-secret=\"DX7UoiK7md\" width=\"525\" height=\"296\" frameborder=\"0\" marginwidth=\"0\" marginheight=\"0\" scrolling=\"no\"><\/iframe>\n\n\n\n<blockquote class=\"wp-embedded-content\" data-secret=\"Pbz1yx7QqJ\"><a href=\"http:\/\/claireolland.immo\/index.php\/2026\/04\/30\/a-vendre-metz-centrea-vendre-centre-ville-de-metz-155-000e-fai\/\">A vendre Metz centreA VENDRE CENTRE VILLE DE METZ 155 000\u20ac FAI<\/a><\/blockquote><iframe loading=\"lazy\" class=\"wp-embedded-content\" sandbox=\"allow-scripts\" security=\"restricted\" style=\"position: absolute; visibility: hidden;\" title=\"\u00ab\u00a0A vendre Metz centreA VENDRE CENTRE VILLE DE METZ 155 000\u20ac FAI\u00a0\u00bb &#8212; IMMOBILIERE CLAIRE OLLAND\" src=\"http:\/\/claireolland.immo\/index.php\/2026\/04\/30\/a-vendre-metz-centrea-vendre-centre-ville-de-metz-155-000e-fai\/embed\/#?secret=ZjFXfLA9as#?secret=Pbz1yx7QqJ\" data-secret=\"Pbz1yx7QqJ\" width=\"525\" height=\"296\" frameborder=\"0\" marginwidth=\"0\" marginheight=\"0\" scrolling=\"no\"><\/iframe>\n\n\n\n<blockquote class=\"wp-embedded-content\" data-secret=\"eBgAkjDwx4\"><a href=\"http:\/\/claireolland.immo\/index.php\/2026\/02\/06\/a-vendre-maison-a-renover-230-000e\/\">A VENDRE MAISON A RENOVER 230 000\u20ac<\/a><\/blockquote><iframe loading=\"lazy\" class=\"wp-embedded-content\" sandbox=\"allow-scripts\" security=\"restricted\" style=\"position: absolute; visibility: hidden;\" title=\"\u00ab\u00a0A VENDRE MAISON A RENOVER 230 000\u20ac\u00a0\u00bb &#8212; IMMOBILIERE CLAIRE OLLAND\" src=\"http:\/\/claireolland.immo\/index.php\/2026\/02\/06\/a-vendre-maison-a-renover-230-000e\/embed\/#?secret=x8T3EsJ3sQ#?secret=eBgAkjDwx4\" data-secret=\"eBgAkjDwx4\" width=\"525\" height=\"296\" frameborder=\"0\" marginwidth=\"0\" marginheight=\"0\" scrolling=\"no\"><\/iframe>\n\n\n\n<p><\/p>\n","protected":false},"excerpt":{"rendered":"<p>Nous avons une activit\u00e9 de transaction. Nos tarifs : Pourcentage appliqu\u00e9 sur le montant de la transaction pour les logements (Sauf convention expresse diff\u00e9rente entre les partis) Montant de la transaction: HT TTC* Inf\u00e9rieur \u00e0 75000\u20ac forfait 4167 5000\u20ac de 75 001 \u20ac \u00e0&nbsp;250 000 \u20ac 4.17% 5% de 250 001 \u20ac \u00e0 500 000 &hellip; <\/p>\n<p class=\"link-more\"><a href=\"http:\/\/claireolland.immo\/index.php\/vente\/\" class=\"more-link\">Continuer la lecture<span class=\"screen-reader-text\"> de &laquo;&nbsp;Vente&nbsp;&raquo;<\/span><\/a><\/p>\n","protected":false},"author":1,"featured_media":0,"parent":0,"menu_order":0,"comment_status":"closed","ping_status":"closed","template":"","meta":{"footnotes":""},"class_list":["post-16","page","type-page","status-publish","hentry"],"_links":{"self":[{"href":"http:\/\/claireolland.immo\/index.php\/wp-json\/wp\/v2\/pages\/16","targetHints":{"allow":["GET"]}}],"collection":[{"href":"http:\/\/claireolland.immo\/index.php\/wp-json\/wp\/v2\/pages"}],"about":[{"href":"http:\/\/claireolland.immo\/index.php\/wp-json\/wp\/v2\/types\/page"}],"author":[{"embeddable":true,"href":"http:\/\/claireolland.immo\/index.php\/wp-json\/wp\/v2\/users\/1"}],"replies":[{"embeddable":true,"href":"http:\/\/claireolland.immo\/index.php\/wp-json\/wp\/v2\/comments?post=16"}],"version-history":[{"count":51,"href":"http:\/\/claireolland.immo\/index.php\/wp-json\/wp\/v2\/pages\/16\/revisions"}],"predecessor-version":[{"id":2317,"href":"http:\/\/claireolland.immo\/index.php\/wp-json\/wp\/v2\/pages\/16\/revisions\/2317"}],"wp:attachment":[{"href":"http:\/\/claireolland.immo\/index.php\/wp-json\/wp\/v2\/media?parent=16"}],"curies":[{"name":"wp","href":"https:\/\/api.w.org\/{rel}","templated":true}]}}