{"id":18,"date":"2024-07-10T09:15:50","date_gmt":"2024-07-10T07:15:50","guid":{"rendered":"http:\/\/claireolland.immo\/?page_id=18"},"modified":"2025-08-31T08:25:53","modified_gmt":"2025-08-31T06:25:53","slug":"syndic","status":"publish","type":"page","link":"http:\/\/claireolland.immo\/index.php\/syndic\/","title":{"rendered":"Syndic"},"content":{"rendered":"\n<p class=\"has-small-font-size\"><strong>Notre tarif est de 11.60\u20acht soit 13.91\u20ac ttc (TVA \u00e0 20%) par mois.<\/strong><\/p>\n\n\n\n<p class=\"has-small-font-size\"><strong>Tarif r\u00e9visable en fonction de la copropri\u00e9t\u00e9 et de sa distance g\u00e9ographique.<\/strong><\/p>\n\n\n\n<p class=\"has-small-font-size\"><strong>Nous \u00e9laborons un devis en fonction de la description de votre bien.<\/strong><\/p>\n\n\n\n<p><\/p>\n\n\n\n<p style=\"font-size:14.5px\"><strong>Garantie d&rsquo;un montant de 120 000\u20ac, RCP, Assurance GALIAN, 89 rue de La Bo\u00e9tie, 75008 Paris.<\/strong><\/p>\n","protected":false},"excerpt":{"rendered":"<p>Notre tarif est de 11.60\u20acht soit 13.91\u20ac ttc (TVA \u00e0 20%) par mois. Tarif r\u00e9visable en fonction de la copropri\u00e9t\u00e9 et de sa distance g\u00e9ographique. Nous \u00e9laborons un devis en fonction de la description de votre bien. Garantie d&rsquo;un montant de 120 000\u20ac, RCP, Assurance GALIAN, 89 rue de La Bo\u00e9tie, 75008 Paris.<\/p>\n","protected":false},"author":1,"featured_media":0,"parent":0,"menu_order":0,"comment_status":"closed","ping_status":"closed","template":"","meta":{"footnotes":""},"class_list":["post-18","page","type-page","status-publish","hentry"],"_links":{"self":[{"href":"http:\/\/claireolland.immo\/index.php\/wp-json\/wp\/v2\/pages\/18","targetHints":{"allow":["GET"]}}],"collection":[{"href":"http:\/\/claireolland.immo\/index.php\/wp-json\/wp\/v2\/pages"}],"about":[{"href":"http:\/\/claireolland.immo\/index.php\/wp-json\/wp\/v2\/types\/page"}],"author":[{"embeddable":true,"href":"http:\/\/claireolland.immo\/index.php\/wp-json\/wp\/v2\/users\/1"}],"replies":[{"embeddable":true,"href":"http:\/\/claireolland.immo\/index.php\/wp-json\/wp\/v2\/comments?post=18"}],"version-history":[{"count":6,"href":"http:\/\/claireolland.immo\/index.php\/wp-json\/wp\/v2\/pages\/18\/revisions"}],"predecessor-version":[{"id":2123,"href":"http:\/\/claireolland.immo\/index.php\/wp-json\/wp\/v2\/pages\/18\/revisions\/2123"}],"wp:attachment":[{"href":"http:\/\/claireolland.immo\/index.php\/wp-json\/wp\/v2\/media?parent=18"}],"curies":[{"name":"wp","href":"https:\/\/api.w.org\/{rel}","templated":true}]}}